{"id":823,"date":"2021-10-24T13:49:50","date_gmt":"2021-10-24T12:49:50","guid":{"rendered":"https:\/\/www.zendehdelan.org\/?post_type=product&#038;p=823"},"modified":"2026-03-19T21:21:03","modified_gmt":"2026-03-19T21:21:03","slug":"melodies-of-unity","status":"publish","type":"product","link":"https:\/\/www.zendehdelan.org\/fr\/produit\/melodies-of-unity\/","title":{"rendered":"Melodies of Unity CD"},"content":{"rendered":"<div class=\"wpb-content-wrapper\"><div      class=\"vc_row wpb_row section vc_row-fluid\" style=' text-align:left;'><div class=\"full_section_inner clearfix\"><div class=\"wpb_column vc_column_container vc_col-sm-12\"><div class=\"vc_column-inner\"><div class=\"wpb_wrapper\">\n\t<div class=\"wpb_text_column wpb_content_element\">\n\t\t<div class=\"wpb_wrapper\">\n\t\t\t<p class=\"translation-block\">Il s'agit du deuxi\u00e8me album que le groupe a cr\u00e9\u00e9 enti\u00e8rement \u00e0 distance pendant la pand\u00e9mie. L'album se compose de 16 morceaux, chacun repr\u00e9sentant diverses interpr\u00e9tations modernes de la musique soufie, inspir\u00e9es par les appels et le souvenir du Bien-aim\u00e9 dans le zekr (dhikr).<\/p>\n<p>On peut qualifier cet album de manifestation de la musique soufie d'aujourd'hui. Bien que profond\u00e9ment enracin\u00e9e dans les m\u00e9lodies traditionnelles de la musique soufie et les modes musicaux persans, la pratique cr\u00e9ative de Zendeh Delan embrasse la multitude d'influences musicales contemporaines qui nous entourent tous, m\u00ealant harmonieusement musique populaire, musique classique et musiques du monde. Les instruments et les styles musicaux orientaux et occidentaux ont \u00e9t\u00e9 employ\u00e9s \u00e0 part \u00e9gale pour la cr\u00e9ation de Melodies of Unity.<\/p>\n\n\t\t<\/div>\n\t<\/div><\/div><\/div><\/div><\/div><\/div>\n<\/div>","protected":false},"excerpt":{"rendered":"<p class=\"translation-block\">Il s'agit du deuxi\u00e8me album que le groupe a cr\u00e9\u00e9 enti\u00e8rement \u00e0 distance pendant la pand\u00e9mie. L'album se compose de 16 morceaux, chacun repr\u00e9sentant diverses interpr\u00e9tations modernes de la musique soufie, inspir\u00e9es par les appels et le souvenir du Bien-aim\u00e9 dans le zekr (dhikr). On peut qualifier cet album de manifestation de la musique soufie d'aujourd'hui.<\/p>","protected":false},"featured_media":1897,"template":"","meta":[],"product_brand":[],"product_cat":[32,37],"product_tag":[],"class_list":{"0":"post-823","1":"product","2":"type-product","3":"status-publish","4":"has-post-thumbnail","6":"product_cat-cd","7":"product_cat-music","8":"product_shipping_class-zd-cd","10":"first","11":"instock","12":"shipping-taxable","13":"purchasable","14":"product-type-simple"},"yoast_head":"<!-- This site is optimized with the Yoast SEO plugin v27.2 - https:\/\/yoast.com\/product\/yoast-seo-wordpress\/ -->\n<title>Melodies of Unity CD | MTO Zendeh Delan<\/title>\n<meta name=\"description\" content=\"The album consists of 16 unique tracks, each representing various modern renditions of Sufi music, inspired by the callings and remembrance of the Beloved in Zekr (Dhikr)\" \/>\n<meta name=\"robots\" content=\"index, follow, max-snippet:-1, max-image-preview:large, max-video-preview:-1\" \/>\n<link rel=\"canonical\" href=\"https:\/\/www.zendehdelan.org\/fr\/produit\/melodies-of-unity\/\" \/>\n<meta property=\"og:locale\" content=\"fr_FR\" \/>\n<meta property=\"og:type\" content=\"article\" \/>\n<meta property=\"og:title\" content=\"Melodies of Unity CD | MTO Zendeh Delan\" \/>\n<meta property=\"og:description\" content=\"The album consists of 16 unique tracks, each representing various modern renditions of Sufi music, inspired by the callings and remembrance of the Beloved in Zekr (Dhikr)\" \/>\n<meta property=\"og:url\" content=\"https:\/\/www.zendehdelan.org\/fr\/produit\/melodies-of-unity\/\" \/>\n<meta property=\"og:site_name\" content=\"MTO Zendeh Delan\" \/>\n<meta property=\"article:publisher\" content=\"https:\/\/www.facebook.com\/ZendehDelan\" \/>\n<meta property=\"article:modified_time\" content=\"2026-03-19T21:21:03+00:00\" \/>\n<meta property=\"og:image\" content=\"https:\/\/www.zendehdelan.org\/wp-content\/uploads\/2024\/06\/melodies-of-unity-cd-product2.jpg\" \/>\n\t<meta property=\"og:image:width\" content=\"900\" \/>\n\t<meta property=\"og:image:height\" content=\"850\" \/>\n\t<meta property=\"og:image:type\" content=\"image\/jpeg\" \/>\n<meta name=\"twitter:card\" content=\"summary_large_image\" \/>\n<meta name=\"twitter:site\" content=\"@ZendehDelan\" \/>\n<meta name=\"twitter:label1\" content=\"Dur\u00e9e de lecture estim\u00e9e\" \/>\n\t<meta name=\"twitter:data1\" content=\"1 minute\" \/>\n<script type=\"application\/ld+json\" class=\"yoast-schema-graph\">{\"@context\":\"https:\/\/schema.org\",\"@graph\":[{\"@type\":\"WebPage\",\"@id\":\"https:\/\/www.zendehdelan.org\/product\/melodies-of-unity\/\",\"url\":\"https:\/\/www.zendehdelan.org\/product\/melodies-of-unity\/\",\"name\":\"Melodies of Unity CD | MTO Zendeh Delan\",\"isPartOf\":{\"@id\":\"https:\/\/www.zendehdelan.org\/#website\"},\"primaryImageOfPage\":{\"@id\":\"https:\/\/www.zendehdelan.org\/product\/melodies-of-unity\/#primaryimage\"},\"image\":{\"@id\":\"https:\/\/www.zendehdelan.org\/product\/melodies-of-unity\/#primaryimage\"},\"thumbnailUrl\":\"https:\/\/www.zendehdelan.org\/wp-content\/uploads\/2024\/06\/melodies-of-unity-cd-product2.jpg\",\"datePublished\":\"2021-10-24T12:49:50+00:00\",\"dateModified\":\"2026-03-19T21:21:03+00:00\",\"description\":\"The album consists of 16 unique tracks, each representing various modern renditions of Sufi music, inspired by the callings and remembrance of the Beloved in Zekr (Dhikr)\",\"breadcrumb\":{\"@id\":\"https:\/\/www.zendehdelan.org\/product\/melodies-of-unity\/#breadcrumb\"},\"inLanguage\":\"fr-FR\",\"potentialAction\":[{\"@type\":\"ReadAction\",\"target\":[\"https:\/\/www.zendehdelan.org\/product\/melodies-of-unity\/\"]}]},{\"@type\":\"ImageObject\",\"inLanguage\":\"fr-FR\",\"@id\":\"https:\/\/www.zendehdelan.org\/product\/melodies-of-unity\/#primaryimage\",\"url\":\"https:\/\/www.zendehdelan.org\/wp-content\/uploads\/2024\/06\/melodies-of-unity-cd-product2.jpg\",\"contentUrl\":\"https:\/\/www.zendehdelan.org\/wp-content\/uploads\/2024\/06\/melodies-of-unity-cd-product2.jpg\",\"width\":900,\"height\":850},{\"@type\":\"BreadcrumbList\",\"@id\":\"https:\/\/www.zendehdelan.org\/product\/melodies-of-unity\/#breadcrumb\",\"itemListElement\":[{\"@type\":\"ListItem\",\"position\":1,\"name\":\"Home\",\"item\":\"https:\/\/www.zendehdelan.org\/\"},{\"@type\":\"ListItem\",\"position\":2,\"name\":\"Shop\",\"item\":\"https:\/\/www.zendehdelan.org\/shop\/\"},{\"@type\":\"ListItem\",\"position\":3,\"name\":\"Melodies of Unity CD\"}]},{\"@type\":\"WebSite\",\"@id\":\"https:\/\/www.zendehdelan.org\/#website\",\"url\":\"https:\/\/www.zendehdelan.org\/\",\"name\":\"MTO Zendeh Delan\",\"description\":\"Sufi Music &amp; Sama Ensemble\",\"publisher\":{\"@id\":\"https:\/\/www.zendehdelan.org\/#organization\"},\"potentialAction\":[{\"@type\":\"SearchAction\",\"target\":{\"@type\":\"EntryPoint\",\"urlTemplate\":\"https:\/\/www.zendehdelan.org\/?s={search_term_string}\"},\"query-input\":{\"@type\":\"PropertyValueSpecification\",\"valueRequired\":true,\"valueName\":\"search_term_string\"}}],\"inLanguage\":\"fr-FR\"},{\"@type\":\"Organization\",\"@id\":\"https:\/\/www.zendehdelan.org\/#organization\",\"name\":\"MTO Zendeh Delan\",\"url\":\"https:\/\/www.zendehdelan.org\/\",\"logo\":{\"@type\":\"ImageObject\",\"inLanguage\":\"fr-FR\",\"@id\":\"https:\/\/www.zendehdelan.org\/#\/schema\/logo\/image\/\",\"url\":\"https:\/\/www.zendehdelan.org\/wp-content\/uploads\/2021\/10\/cropped-zd-logo-2-no-background.png\",\"contentUrl\":\"https:\/\/www.zendehdelan.org\/wp-content\/uploads\/2021\/10\/cropped-zd-logo-2-no-background.png\",\"width\":512,\"height\":512,\"caption\":\"MTO Zendeh Delan\"},\"image\":{\"@id\":\"https:\/\/www.zendehdelan.org\/#\/schema\/logo\/image\/\"},\"sameAs\":[\"https:\/\/www.facebook.com\/ZendehDelan\",\"https:\/\/x.com\/ZendehDelan\",\"https:\/\/www.instagram.com\/mtoshahmaghsoudi\/\",\"https:\/\/www.linkedin.com\/company\/zendeh-delan\u00ae-sufi-music-zekr-&amp;-sama\/\",\"https:\/\/www.youtube.com\/user\/ZendehDelan\"]}]}<\/script>\n<!-- \/ Yoast SEO plugin. -->","yoast_head_json":{"title":"Melodies of Unity CD | MTO Zendeh Delan","description":"The album consists of 16 unique tracks, each representing various modern renditions of Sufi music, inspired by the callings and remembrance of the Beloved in Zekr (Dhikr)","robots":{"index":"index","follow":"follow","max-snippet":"max-snippet:-1","max-image-preview":"max-image-preview:large","max-video-preview":"max-video-preview:-1"},"canonical":"https:\/\/www.zendehdelan.org\/fr\/produit\/melodies-of-unity\/","og_locale":"fr_FR","og_type":"article","og_title":"Melodies of Unity CD | MTO Zendeh Delan","og_description":"The album consists of 16 unique tracks, each representing various modern renditions of Sufi music, inspired by the callings and remembrance of the Beloved in Zekr (Dhikr)","og_url":"https:\/\/www.zendehdelan.org\/fr\/produit\/melodies-of-unity\/","og_site_name":"MTO Zendeh Delan","article_publisher":"https:\/\/www.facebook.com\/ZendehDelan","article_modified_time":"2026-03-19T21:21:03+00:00","og_image":[{"width":900,"height":850,"url":"https:\/\/www.zendehdelan.org\/wp-content\/uploads\/2024\/06\/melodies-of-unity-cd-product2.jpg","type":"image\/jpeg"}],"twitter_card":"summary_large_image","twitter_site":"@ZendehDelan","twitter_misc":{"Dur\u00e9e de lecture estim\u00e9e":"1 minute"},"schema":{"@context":"https:\/\/schema.org","@graph":[{"@type":"WebPage","@id":"https:\/\/www.zendehdelan.org\/product\/melodies-of-unity\/","url":"https:\/\/www.zendehdelan.org\/product\/melodies-of-unity\/","name":"Melodies of Unity CD | MTO Zendeh Delan","isPartOf":{"@id":"https:\/\/www.zendehdelan.org\/#website"},"primaryImageOfPage":{"@id":"https:\/\/www.zendehdelan.org\/product\/melodies-of-unity\/#primaryimage"},"image":{"@id":"https:\/\/www.zendehdelan.org\/product\/melodies-of-unity\/#primaryimage"},"thumbnailUrl":"https:\/\/www.zendehdelan.org\/wp-content\/uploads\/2024\/06\/melodies-of-unity-cd-product2.jpg","datePublished":"2021-10-24T12:49:50+00:00","dateModified":"2026-03-19T21:21:03+00:00","description":"The album consists of 16 unique tracks, each representing various modern renditions of Sufi music, inspired by the callings and remembrance of the Beloved in Zekr (Dhikr)","breadcrumb":{"@id":"https:\/\/www.zendehdelan.org\/product\/melodies-of-unity\/#breadcrumb"},"inLanguage":"fr-FR","potentialAction":[{"@type":"ReadAction","target":["https:\/\/www.zendehdelan.org\/product\/melodies-of-unity\/"]}]},{"@type":"ImageObject","inLanguage":"fr-FR","@id":"https:\/\/www.zendehdelan.org\/product\/melodies-of-unity\/#primaryimage","url":"https:\/\/www.zendehdelan.org\/wp-content\/uploads\/2024\/06\/melodies-of-unity-cd-product2.jpg","contentUrl":"https:\/\/www.zendehdelan.org\/wp-content\/uploads\/2024\/06\/melodies-of-unity-cd-product2.jpg","width":900,"height":850},{"@type":"BreadcrumbList","@id":"https:\/\/www.zendehdelan.org\/product\/melodies-of-unity\/#breadcrumb","itemListElement":[{"@type":"ListItem","position":1,"name":"Home","item":"https:\/\/www.zendehdelan.org\/"},{"@type":"ListItem","position":2,"name":"Shop","item":"https:\/\/www.zendehdelan.org\/shop\/"},{"@type":"ListItem","position":3,"name":"Melodies of Unity CD"}]},{"@type":"WebSite","@id":"https:\/\/www.zendehdelan.org\/#website","url":"https:\/\/www.zendehdelan.org\/","name":"MTO Zendeh Delan","description":"Sufi Music &amp; Sama Ensemble","publisher":{"@id":"https:\/\/www.zendehdelan.org\/#organization"},"potentialAction":[{"@type":"SearchAction","target":{"@type":"EntryPoint","urlTemplate":"https:\/\/www.zendehdelan.org\/?s={search_term_string}"},"query-input":{"@type":"PropertyValueSpecification","valueRequired":true,"valueName":"search_term_string"}}],"inLanguage":"fr-FR"},{"@type":"Organization","@id":"https:\/\/www.zendehdelan.org\/#organization","name":"MTO Zendeh Delan","url":"https:\/\/www.zendehdelan.org\/","logo":{"@type":"ImageObject","inLanguage":"fr-FR","@id":"https:\/\/www.zendehdelan.org\/#\/schema\/logo\/image\/","url":"https:\/\/www.zendehdelan.org\/wp-content\/uploads\/2021\/10\/cropped-zd-logo-2-no-background.png","contentUrl":"https:\/\/www.zendehdelan.org\/wp-content\/uploads\/2021\/10\/cropped-zd-logo-2-no-background.png","width":512,"height":512,"caption":"MTO Zendeh Delan"},"image":{"@id":"https:\/\/www.zendehdelan.org\/#\/schema\/logo\/image\/"},"sameAs":["https:\/\/www.facebook.com\/ZendehDelan","https:\/\/x.com\/ZendehDelan","https:\/\/www.instagram.com\/mtoshahmaghsoudi\/","https:\/\/www.linkedin.com\/company\/zendeh-delan\u00ae-sufi-music-zekr-&amp;-sama\/","https:\/\/www.youtube.com\/user\/ZendehDelan"]}]}},"_links":{"self":[{"href":"https:\/\/www.zendehdelan.org\/fr\/wp-json\/wp\/v2\/product\/823","targetHints":{"allow":["GET"]}}],"collection":[{"href":"https:\/\/www.zendehdelan.org\/fr\/wp-json\/wp\/v2\/product"}],"about":[{"href":"https:\/\/www.zendehdelan.org\/fr\/wp-json\/wp\/v2\/types\/product"}],"wp:featuredmedia":[{"embeddable":true,"href":"https:\/\/www.zendehdelan.org\/fr\/wp-json\/wp\/v2\/media\/1897"}],"wp:attachment":[{"href":"https:\/\/www.zendehdelan.org\/fr\/wp-json\/wp\/v2\/media?parent=823"}],"wp:term":[{"taxonomy":"product_brand","embeddable":true,"href":"https:\/\/www.zendehdelan.org\/fr\/wp-json\/wp\/v2\/product_brand?post=823"},{"taxonomy":"product_cat","embeddable":true,"href":"https:\/\/www.zendehdelan.org\/fr\/wp-json\/wp\/v2\/product_cat?post=823"},{"taxonomy":"product_tag","embeddable":true,"href":"https:\/\/www.zendehdelan.org\/fr\/wp-json\/wp\/v2\/product_tag?post=823"}],"curies":[{"name":"wp","href":"https:\/\/api.w.org\/{rel}","templated":true}]}}