{"id":1651,"date":"2022-10-30T12:09:49","date_gmt":"2022-10-30T12:09:49","guid":{"rendered":"https:\/\/www.zendehdelan.org\/?post_type=product&#038;p=1651"},"modified":"2025-03-03T22:48:45","modified_gmt":"2025-03-03T22:48:45","slug":"melodies-of-unity-vinyl","status":"publish","type":"product","link":"https:\/\/www.zendehdelan.org\/fr\/produit\/melodies-of-unity-vinyl\/","title":{"rendered":"Melodies of Unity (Vinyle)"},"content":{"rendered":"<div class=\"wpb-content-wrapper\"><div      class=\"vc_row wpb_row section vc_row-fluid\" style=' text-align:left;'><div class=\"full_section_inner clearfix\"><div class=\"wpb_column vc_column_container vc_col-sm-12\"><div class=\"vc_column-inner\"><div class=\"wpb_wrapper\">\n\t<div class=\"wpb_text_column wpb_content_element\">\n\t\t<div class=\"wpb_wrapper\">\n\t\t\t<p>Cette \u00e9dition vinyle simple est tir\u00e9e du deuxi\u00e8me album que le groupe a enti\u00e8rement cr\u00e9\u00e9 \u00e0 distance pendant la pand\u00e9mie, et comprend deux nouveaux titres sp\u00e9cialement con\u00e7us pour l'\u00e9dition vinyle, pour un total de neuf titres.<\/p>\n<p>&nbsp;<\/p>\n<p>On peut qualifier cet album de manifestation de la musique soufie d'aujourd'hui. Bien que profond\u00e9ment enracin\u00e9e dans les m\u00e9lodies traditionnelles de la musique soufie et les modes musicaux persans, la pratique cr\u00e9ative de Zendeh Delan embrasse la multitude d'influences musicales contemporaines qui nous entourent tous, m\u00ealant harmonieusement musique populaire, musique classique et musiques du monde. Les instruments et les styles musicaux orientaux et occidentaux ont \u00e9t\u00e9 employ\u00e9s \u00e0 part \u00e9gale pour la cr\u00e9ation de Melodies of Unity.<\/p>\n\n\t\t<\/div>\n\t<\/div><\/div><\/div><\/div><\/div><\/div>\n<\/div>","protected":false},"excerpt":{"rendered":"<p>Cette \u00e9dition vinyle simple est tir\u00e9e du deuxi\u00e8me album que le groupe a enti\u00e8rement cr\u00e9\u00e9 \u00e0 distance pendant la pand\u00e9mie, et comprend deux nouveaux titres sp\u00e9cialement con\u00e7us pour l'\u00e9dition vinyle, pour un total de neuf titres.<\/p>","protected":false},"featured_media":1892,"template":"","meta":[],"product_brand":[],"product_cat":[37,34],"product_tag":[],"class_list":{"0":"post-1651","1":"product","2":"type-product","3":"status-publish","4":"has-post-thumbnail","6":"product_cat-music","7":"product_cat-vinyl","8":"product_shipping_class-zd-vinyl","10":"first","11":"instock","12":"shipping-taxable","13":"purchasable","14":"product-type-simple"},"yoast_head":"<!-- This site is optimized with the Yoast SEO plugin v27.2 - https:\/\/yoast.com\/product\/yoast-seo-wordpress\/ -->\n<title>Melodies of Unity Vinyl | MTO Zendeh Delan<\/title>\n<meta name=\"description\" content=\"The album consists of 16 unique tracks, each representing various modern renditions of Sufi music, inspired by the callings and remembrance of the Beloved in Zekr (Dhikr)\" \/>\n<meta name=\"robots\" content=\"index, follow, max-snippet:-1, max-image-preview:large, max-video-preview:-1\" \/>\n<link rel=\"canonical\" href=\"https:\/\/www.zendehdelan.org\/fr\/produit\/melodies-of-unity-vinyl\/\" \/>\n<meta property=\"og:locale\" content=\"fr_FR\" \/>\n<meta property=\"og:type\" content=\"article\" \/>\n<meta property=\"og:title\" content=\"Melodies of Unity Vinyl | MTO Zendeh Delan\" \/>\n<meta property=\"og:description\" content=\"The album consists of 16 unique tracks, each representing various modern renditions of Sufi music, inspired by the callings and remembrance of the Beloved in Zekr (Dhikr)\" \/>\n<meta property=\"og:url\" content=\"https:\/\/www.zendehdelan.org\/fr\/produit\/melodies-of-unity-vinyl\/\" \/>\n<meta property=\"og:site_name\" content=\"MTO Zendeh Delan\" \/>\n<meta property=\"article:publisher\" content=\"https:\/\/www.facebook.com\/ZendehDelan\" \/>\n<meta property=\"article:modified_time\" content=\"2025-03-03T22:48:45+00:00\" \/>\n<meta property=\"og:image\" content=\"https:\/\/www.zendehdelan.org\/wp-content\/uploads\/2024\/06\/melodies-of-unity-vinyl-product.jpg\" \/>\n\t<meta property=\"og:image:width\" content=\"800\" \/>\n\t<meta property=\"og:image:height\" content=\"800\" \/>\n\t<meta property=\"og:image:type\" content=\"image\/jpeg\" \/>\n<meta name=\"twitter:card\" content=\"summary_large_image\" \/>\n<meta name=\"twitter:site\" content=\"@ZendehDelan\" \/>\n<meta name=\"twitter:label1\" content=\"Dur\u00e9e de lecture estim\u00e9e\" \/>\n\t<meta name=\"twitter:data1\" content=\"1 minute\" \/>\n<script type=\"application\/ld+json\" class=\"yoast-schema-graph\">{\"@context\":\"https:\/\/schema.org\",\"@graph\":[{\"@type\":\"WebPage\",\"@id\":\"https:\/\/www.zendehdelan.org\/product\/melodies-of-unity-vinyl\/\",\"url\":\"https:\/\/www.zendehdelan.org\/product\/melodies-of-unity-vinyl\/\",\"name\":\"Melodies of Unity Vinyl | MTO Zendeh Delan\",\"isPartOf\":{\"@id\":\"https:\/\/www.zendehdelan.org\/#website\"},\"primaryImageOfPage\":{\"@id\":\"https:\/\/www.zendehdelan.org\/product\/melodies-of-unity-vinyl\/#primaryimage\"},\"image\":{\"@id\":\"https:\/\/www.zendehdelan.org\/product\/melodies-of-unity-vinyl\/#primaryimage\"},\"thumbnailUrl\":\"https:\/\/www.zendehdelan.org\/wp-content\/uploads\/2024\/06\/melodies-of-unity-vinyl-product.jpg\",\"datePublished\":\"2022-10-30T12:09:49+00:00\",\"dateModified\":\"2025-03-03T22:48:45+00:00\",\"description\":\"The album consists of 16 unique tracks, each representing various modern renditions of Sufi music, inspired by the callings and remembrance of the Beloved in Zekr (Dhikr)\",\"breadcrumb\":{\"@id\":\"https:\/\/www.zendehdelan.org\/product\/melodies-of-unity-vinyl\/#breadcrumb\"},\"inLanguage\":\"fr-FR\",\"potentialAction\":[{\"@type\":\"ReadAction\",\"target\":[\"https:\/\/www.zendehdelan.org\/product\/melodies-of-unity-vinyl\/\"]}]},{\"@type\":\"ImageObject\",\"inLanguage\":\"fr-FR\",\"@id\":\"https:\/\/www.zendehdelan.org\/product\/melodies-of-unity-vinyl\/#primaryimage\",\"url\":\"https:\/\/www.zendehdelan.org\/wp-content\/uploads\/2024\/06\/melodies-of-unity-vinyl-product.jpg\",\"contentUrl\":\"https:\/\/www.zendehdelan.org\/wp-content\/uploads\/2024\/06\/melodies-of-unity-vinyl-product.jpg\",\"width\":800,\"height\":800},{\"@type\":\"BreadcrumbList\",\"@id\":\"https:\/\/www.zendehdelan.org\/product\/melodies-of-unity-vinyl\/#breadcrumb\",\"itemListElement\":[{\"@type\":\"ListItem\",\"position\":1,\"name\":\"Home\",\"item\":\"https:\/\/www.zendehdelan.org\/\"},{\"@type\":\"ListItem\",\"position\":2,\"name\":\"Shop\",\"item\":\"https:\/\/www.zendehdelan.org\/shop\/\"},{\"@type\":\"ListItem\",\"position\":3,\"name\":\"Melodies of Unity Vinyl\"}]},{\"@type\":\"WebSite\",\"@id\":\"https:\/\/www.zendehdelan.org\/#website\",\"url\":\"https:\/\/www.zendehdelan.org\/\",\"name\":\"MTO Zendeh Delan\",\"description\":\"Sufi Music &amp; Sama Ensemble\",\"publisher\":{\"@id\":\"https:\/\/www.zendehdelan.org\/#organization\"},\"potentialAction\":[{\"@type\":\"SearchAction\",\"target\":{\"@type\":\"EntryPoint\",\"urlTemplate\":\"https:\/\/www.zendehdelan.org\/?s={search_term_string}\"},\"query-input\":{\"@type\":\"PropertyValueSpecification\",\"valueRequired\":true,\"valueName\":\"search_term_string\"}}],\"inLanguage\":\"fr-FR\"},{\"@type\":\"Organization\",\"@id\":\"https:\/\/www.zendehdelan.org\/#organization\",\"name\":\"MTO Zendeh Delan\",\"url\":\"https:\/\/www.zendehdelan.org\/\",\"logo\":{\"@type\":\"ImageObject\",\"inLanguage\":\"fr-FR\",\"@id\":\"https:\/\/www.zendehdelan.org\/#\/schema\/logo\/image\/\",\"url\":\"https:\/\/www.zendehdelan.org\/wp-content\/uploads\/2021\/10\/cropped-zd-logo-2-no-background.png\",\"contentUrl\":\"https:\/\/www.zendehdelan.org\/wp-content\/uploads\/2021\/10\/cropped-zd-logo-2-no-background.png\",\"width\":512,\"height\":512,\"caption\":\"MTO Zendeh Delan\"},\"image\":{\"@id\":\"https:\/\/www.zendehdelan.org\/#\/schema\/logo\/image\/\"},\"sameAs\":[\"https:\/\/www.facebook.com\/ZendehDelan\",\"https:\/\/x.com\/ZendehDelan\",\"https:\/\/www.instagram.com\/mtoshahmaghsoudi\/\",\"https:\/\/www.linkedin.com\/company\/zendeh-delan\u00ae-sufi-music-zekr-&amp;-sama\/\",\"https:\/\/www.youtube.com\/user\/ZendehDelan\"]}]}<\/script>\n<!-- \/ Yoast SEO plugin. -->","yoast_head_json":{"title":"Melodies of Unity Vinyl | MTO Zendeh Delan","description":"The album consists of 16 unique tracks, each representing various modern renditions of Sufi music, inspired by the callings and remembrance of the Beloved in Zekr (Dhikr)","robots":{"index":"index","follow":"follow","max-snippet":"max-snippet:-1","max-image-preview":"max-image-preview:large","max-video-preview":"max-video-preview:-1"},"canonical":"https:\/\/www.zendehdelan.org\/fr\/produit\/melodies-of-unity-vinyl\/","og_locale":"fr_FR","og_type":"article","og_title":"Melodies of Unity Vinyl | MTO Zendeh Delan","og_description":"The album consists of 16 unique tracks, each representing various modern renditions of Sufi music, inspired by the callings and remembrance of the Beloved in Zekr (Dhikr)","og_url":"https:\/\/www.zendehdelan.org\/fr\/produit\/melodies-of-unity-vinyl\/","og_site_name":"MTO Zendeh Delan","article_publisher":"https:\/\/www.facebook.com\/ZendehDelan","article_modified_time":"2025-03-03T22:48:45+00:00","og_image":[{"width":800,"height":800,"url":"https:\/\/www.zendehdelan.org\/wp-content\/uploads\/2024\/06\/melodies-of-unity-vinyl-product.jpg","type":"image\/jpeg"}],"twitter_card":"summary_large_image","twitter_site":"@ZendehDelan","twitter_misc":{"Dur\u00e9e de lecture estim\u00e9e":"1 minute"},"schema":{"@context":"https:\/\/schema.org","@graph":[{"@type":"WebPage","@id":"https:\/\/www.zendehdelan.org\/product\/melodies-of-unity-vinyl\/","url":"https:\/\/www.zendehdelan.org\/product\/melodies-of-unity-vinyl\/","name":"Melodies of Unity Vinyl | MTO Zendeh Delan","isPartOf":{"@id":"https:\/\/www.zendehdelan.org\/#website"},"primaryImageOfPage":{"@id":"https:\/\/www.zendehdelan.org\/product\/melodies-of-unity-vinyl\/#primaryimage"},"image":{"@id":"https:\/\/www.zendehdelan.org\/product\/melodies-of-unity-vinyl\/#primaryimage"},"thumbnailUrl":"https:\/\/www.zendehdelan.org\/wp-content\/uploads\/2024\/06\/melodies-of-unity-vinyl-product.jpg","datePublished":"2022-10-30T12:09:49+00:00","dateModified":"2025-03-03T22:48:45+00:00","description":"The album consists of 16 unique tracks, each representing various modern renditions of Sufi music, inspired by the callings and remembrance of the Beloved in Zekr (Dhikr)","breadcrumb":{"@id":"https:\/\/www.zendehdelan.org\/product\/melodies-of-unity-vinyl\/#breadcrumb"},"inLanguage":"fr-FR","potentialAction":[{"@type":"ReadAction","target":["https:\/\/www.zendehdelan.org\/product\/melodies-of-unity-vinyl\/"]}]},{"@type":"ImageObject","inLanguage":"fr-FR","@id":"https:\/\/www.zendehdelan.org\/product\/melodies-of-unity-vinyl\/#primaryimage","url":"https:\/\/www.zendehdelan.org\/wp-content\/uploads\/2024\/06\/melodies-of-unity-vinyl-product.jpg","contentUrl":"https:\/\/www.zendehdelan.org\/wp-content\/uploads\/2024\/06\/melodies-of-unity-vinyl-product.jpg","width":800,"height":800},{"@type":"BreadcrumbList","@id":"https:\/\/www.zendehdelan.org\/product\/melodies-of-unity-vinyl\/#breadcrumb","itemListElement":[{"@type":"ListItem","position":1,"name":"Home","item":"https:\/\/www.zendehdelan.org\/"},{"@type":"ListItem","position":2,"name":"Shop","item":"https:\/\/www.zendehdelan.org\/shop\/"},{"@type":"ListItem","position":3,"name":"Melodies of Unity Vinyl"}]},{"@type":"WebSite","@id":"https:\/\/www.zendehdelan.org\/#website","url":"https:\/\/www.zendehdelan.org\/","name":"MTO Zendeh Delan","description":"Sufi Music &amp; Sama Ensemble","publisher":{"@id":"https:\/\/www.zendehdelan.org\/#organization"},"potentialAction":[{"@type":"SearchAction","target":{"@type":"EntryPoint","urlTemplate":"https:\/\/www.zendehdelan.org\/?s={search_term_string}"},"query-input":{"@type":"PropertyValueSpecification","valueRequired":true,"valueName":"search_term_string"}}],"inLanguage":"fr-FR"},{"@type":"Organization","@id":"https:\/\/www.zendehdelan.org\/#organization","name":"MTO Zendeh Delan","url":"https:\/\/www.zendehdelan.org\/","logo":{"@type":"ImageObject","inLanguage":"fr-FR","@id":"https:\/\/www.zendehdelan.org\/#\/schema\/logo\/image\/","url":"https:\/\/www.zendehdelan.org\/wp-content\/uploads\/2021\/10\/cropped-zd-logo-2-no-background.png","contentUrl":"https:\/\/www.zendehdelan.org\/wp-content\/uploads\/2021\/10\/cropped-zd-logo-2-no-background.png","width":512,"height":512,"caption":"MTO Zendeh Delan"},"image":{"@id":"https:\/\/www.zendehdelan.org\/#\/schema\/logo\/image\/"},"sameAs":["https:\/\/www.facebook.com\/ZendehDelan","https:\/\/x.com\/ZendehDelan","https:\/\/www.instagram.com\/mtoshahmaghsoudi\/","https:\/\/www.linkedin.com\/company\/zendeh-delan\u00ae-sufi-music-zekr-&amp;-sama\/","https:\/\/www.youtube.com\/user\/ZendehDelan"]}]}},"_links":{"self":[{"href":"https:\/\/www.zendehdelan.org\/fr\/wp-json\/wp\/v2\/product\/1651","targetHints":{"allow":["GET"]}}],"collection":[{"href":"https:\/\/www.zendehdelan.org\/fr\/wp-json\/wp\/v2\/product"}],"about":[{"href":"https:\/\/www.zendehdelan.org\/fr\/wp-json\/wp\/v2\/types\/product"}],"wp:featuredmedia":[{"embeddable":true,"href":"https:\/\/www.zendehdelan.org\/fr\/wp-json\/wp\/v2\/media\/1892"}],"wp:attachment":[{"href":"https:\/\/www.zendehdelan.org\/fr\/wp-json\/wp\/v2\/media?parent=1651"}],"wp:term":[{"taxonomy":"product_brand","embeddable":true,"href":"https:\/\/www.zendehdelan.org\/fr\/wp-json\/wp\/v2\/product_brand?post=1651"},{"taxonomy":"product_cat","embeddable":true,"href":"https:\/\/www.zendehdelan.org\/fr\/wp-json\/wp\/v2\/product_cat?post=1651"},{"taxonomy":"product_tag","embeddable":true,"href":"https:\/\/www.zendehdelan.org\/fr\/wp-json\/wp\/v2\/product_tag?post=1651"}],"curies":[{"name":"wp","href":"https:\/\/api.w.org\/{rel}","templated":true}]}}