{"id":564,"date":"2021-10-05T17:49:19","date_gmt":"2021-10-05T16:49:19","guid":{"rendered":"https:\/\/www.zendehdelan.org\/?page_id=564"},"modified":"2023-10-14T11:32:28","modified_gmt":"2023-10-14T10:32:28","slug":"frequently-asked-questions","status":"publish","type":"page","link":"https:\/\/www.zendehdelan.org\/fr\/frequently-asked-questions\/","title":{"rendered":"Frequently Asked Questions"},"content":{"rendered":"<div class=\"wpb-content-wrapper\"><div class=\"vc_row wpb_row section vc_row-fluid\" style=' text-align:left;'><div class=\"full_section_inner clearfix\"><div class=\"wpb_column vc_column_container vc_col-sm-12\"><div class=\"vc_column-inner\"><div class=\"wpb_wrapper\">\n\t<div class=\"q_accordion_holder clearfix wpb_content_element accordion without_icon  not-column-inherit\" data-active-tab=\"1\" data-collapsible=\"no\" data-border-radius=\"\">\n\t\t\t\n\t\t\t\t<h5 class=\"clearfix title-holder\" style=\"\"><span class=\"accordion_mark left_mark\"><span class=\"accordion_mark_icon\"><\/span><\/span><span class=\"tab-title\">QUELS MODES DE PAIEMENT ACCEPTEZ-VOUS?<\/span><span class=\"accordion_mark right_mark\"><span class=\"accordion_mark_icon\"><\/span><\/span><\/h5>\n\t\t\t\t<div  class=\"accordion_content no_icon\">\n\t\t\t<div class=\"accordion_content_inner\">\n\t\t\t\t\n\t<div class=\"wpb_text_column wpb_content_element\">\n\t\t<div class=\"wpb_wrapper\">\n\t\t\t<p>Nous acceptons la plupart des principales cartes de cr\u00e9dit\/d\u00e9bit et les paiements par Paypal. Veuillez noter que tous les paiements sont factur\u00e9s en livres sterling. L'\u00e9metteur de votre carte d\u00e9terminera le taux de change \u00e0 appliquer \u00e0 la transaction.<\/p>\n\n\t\t<\/div>\n\t<\/div>\n\t\t\t<\/div>\n\t\t\t\t<\/div>\n\t\t\t\t<h5 class=\"clearfix title-holder\" style=\"\"><span class=\"accordion_mark left_mark\"><span class=\"accordion_mark_icon\"><\/span><\/span><span class=\"tab-title\">QUAND MA COMMANDE SERA-T-ELLE EXP\u00c9DI\u00c9E ?<\/span><span class=\"accordion_mark right_mark\"><span class=\"accordion_mark_icon\"><\/span><\/span><\/h5>\n\t\t\t\t<div  class=\"accordion_content no_icon\">\n\t\t\t<div class=\"accordion_content_inner\">\n\t\t\t\t\n\t<div class=\"wpb_text_column wpb_content_element\">\n\t\t<div class=\"wpb_wrapper\">\n\t\t\t<p>Nous nous effor\u00e7ons d'exp\u00e9dier toutes les commandes dans les 4 \u00e0 6 semaines suivant leur r\u00e9ception.<\/p>\n\n\t\t<\/div>\n\t<\/div>\n\t\t\t<\/div>\n\t\t\t\t<\/div>\n\t\t\t\t<h5 class=\"clearfix title-holder\" style=\"\"><span class=\"accordion_mark left_mark\"><span class=\"accordion_mark_icon\"><\/span><\/span><span class=\"tab-title\">LIVREZ-VOUS \u00c0 L'INTERNATIONAL ?<\/span><span class=\"accordion_mark right_mark\"><span class=\"accordion_mark_icon\"><\/span><\/span><\/h5>\n\t\t\t\t<div  class=\"accordion_content no_icon\">\n\t\t\t<div class=\"accordion_content_inner\">\n\t\t\t\t\n\t<div class=\"wpb_text_column wpb_content_element\">\n\t\t<div class=\"wpb_wrapper\">\n\t\t\t<p>Oui, les commandes internationales sont envoy\u00e9es par Royal Mail avec suivi et signature ou par un autre transporteur en fonction de la taille de la commande et de sa destination. Toutes les commandes sont exp\u00e9di\u00e9es depuis le Royaume-Uni.<\/p>\n\n\t\t<\/div>\n\t<\/div>\n\t\t\t<\/div>\n\t\t\t\t<\/div>\n\t\t\t\t<h5 class=\"clearfix title-holder\" style=\"\"><span class=\"accordion_mark left_mark\"><span class=\"accordion_mark_icon\"><\/span><\/span><span class=\"tab-title\">COMBIEN CO\u00dbTERA L'EXP\u00c9DITION ?<\/span><span class=\"accordion_mark right_mark\"><span class=\"accordion_mark_icon\"><\/span><\/span><\/h5>\n\t\t\t\t<div  class=\"accordion_content no_icon\">\n\t\t\t<div class=\"accordion_content_inner\">\n\t\t\t\t\n\t<div class=\"wpb_text_column wpb_content_element\">\n\t\t<div class=\"wpb_wrapper\">\n\t\t\t<p>Les frais d'exp\u00e9dition sont calcul\u00e9s lors du passage \u00e0 la caisse, en fonction des dimensions et du poids de votre envoi et de l'adresse de livraison. Vous pouvez voir les frais d'exp\u00e9dition au cours du processus de commande, avant que le paiement ne soit effectu\u00e9.<\/p>\n\n\t\t<\/div>\n\t<\/div>\n\t\t\t<\/div>\n\t\t\t\t<\/div>\n\t\t\t\t<h5 class=\"clearfix title-holder\" style=\"\"><span class=\"accordion_mark left_mark\"><span class=\"accordion_mark_icon\"><\/span><\/span><span class=\"tab-title\">QUELS SONT LES FRAIS DE DOUANE ET D'IMPORTATION ?<\/span><span class=\"accordion_mark right_mark\"><span class=\"accordion_mark_icon\"><\/span><\/span><\/h5>\n\t\t\t\t<div  class=\"accordion_content no_icon\">\n\t\t\t<div class=\"accordion_content_inner\">\n\t\t\t\t\n\t<div class=\"wpb_text_column wpb_content_element\">\n\t\t<div class=\"wpb_wrapper\">\n\t\t\t<p>Sachez que votre\/vos article(s) peut\/peuvent \u00eatre retenu(s) \u00e0 la douane pour inspection, ce qui retarde le d\u00e9lai de livraison, et que des frais de douane ou une taxe d'importation ou similaire peuvent vous \u00eatre factur\u00e9s. Nous marquons tous les colis destin\u00e9s \u00e0 une livraison internationale en indiquant le contenu et la valeur de la commande.<\/p>\n\n\t\t<\/div>\n\t<\/div>\n\t\t\t<\/div>\n\t\t\t\t<\/div>\n\t\t\t\t<h5 class=\"clearfix title-holder\" style=\"\"><span class=\"accordion_mark left_mark\"><span class=\"accordion_mark_icon\"><\/span><\/span><span class=\"tab-title\">PUIS-JE MODIFIER OU ANNULER UNE COMMANDE UNE FOIS QU'ELLE A \u00c9T\u00c9 PASS\u00c9E ?<\/span><span class=\"accordion_mark right_mark\"><span class=\"accordion_mark_icon\"><\/span><\/span><\/h5>\n\t\t\t\t<div  class=\"accordion_content no_icon\">\n\t\t\t<div class=\"accordion_content_inner\">\n\t\t\t\t\n\t<div class=\"wpb_text_column wpb_content_element\">\n\t\t<div class=\"wpb_wrapper\">\n\t\t\t<p>Non, une fois qu'une commande a \u00e9t\u00e9 pass\u00e9e et que les articles ont \u00e9t\u00e9 pay\u00e9s, il n'est pas possible de faire de changements. Veuillez faire attention lorsque vous saisissez les d\u00e9tails de l'exp\u00e9dition, car nous ne sommes pas en mesure d'apporter des modifications.<\/p>\n<p>&nbsp;<\/p>\n<p class=\"translation-block\">Vous pouvez lire les conditions de vente compl\u00e8tes <a href=\"https:\/\/www.zendehdelan.org\/fr\/terms-of-sale\/\" target=\"_self\">ici<\/a>.<\/p>\n\n\t\t<\/div>\n\t<\/div>\n\t\t\t<\/div>\n\t\t\t\t<\/div>\n\t<\/div><\/div><\/div><\/div><\/div><\/div><div      class=\"vc_row wpb_row section vc_row-fluid\" style=' text-align:left;'><div class=\"full_section_inner clearfix\"><div class=\"wpb_column vc_column_container vc_col-sm-12\"><div class=\"vc_column-inner\"><div class=\"wpb_wrapper\"><div class=\"vc_empty_space\"  style=\"height: 46px\" >\n\t<span class=\"vc_empty_space_inner\">\n\t\t<span class=\"empty_space_image\"  ><\/span>\n\t<\/span>\n<\/div><\/div><\/div><\/div><\/div><\/div>\n<\/div>","protected":false},"excerpt":{"rendered":"What payment methods do you accept? We accept most major credit\/ debit cards and Paypal payments. Please note that all payments are charged in Sterling Pounds. Your card issuer will determine the foreign exchange rate to apply to the transaction. When will my order be dispatched? We aim to dispatch...","protected":false},"author":2,"featured_media":0,"parent":0,"menu_order":0,"comment_status":"closed","ping_status":"closed","template":"","meta":{"footnotes":""},"class_list":["post-564","page","type-page","status-publish","hentry"],"yoast_head":"<!-- This site is optimized with the Yoast SEO plugin v27.2 - https:\/\/yoast.com\/product\/yoast-seo-wordpress\/ -->\n<title>Frequently Asked Questions<\/title>\n<meta name=\"robots\" content=\"index, follow, max-snippet:-1, max-image-preview:large, max-video-preview:-1\" \/>\n<link rel=\"canonical\" href=\"https:\/\/www.zendehdelan.org\/fr\/frequently-asked-questions\/\" \/>\n<meta property=\"og:locale\" content=\"fr_FR\" \/>\n<meta property=\"og:type\" content=\"article\" \/>\n<meta property=\"og:title\" content=\"Frequently Asked Questions\" \/>\n<meta property=\"og:url\" content=\"https:\/\/www.zendehdelan.org\/fr\/frequently-asked-questions\/\" \/>\n<meta property=\"og:site_name\" content=\"MTO Zendeh Delan\" \/>\n<meta property=\"article:publisher\" content=\"https:\/\/www.facebook.com\/ZendehDelan\" \/>\n<meta property=\"article:modified_time\" content=\"2023-10-14T10:32:28+00:00\" \/>\n<meta name=\"twitter:card\" content=\"summary_large_image\" \/>\n<meta name=\"twitter:site\" content=\"@ZendehDelan\" \/>\n<meta name=\"twitter:label1\" content=\"Dur\u00e9e de lecture estim\u00e9e\" \/>\n\t<meta name=\"twitter:data1\" content=\"2 minutes\" \/>\n<script type=\"application\/ld+json\" class=\"yoast-schema-graph\">{\"@context\":\"https:\/\/schema.org\",\"@graph\":[{\"@type\":\"WebPage\",\"@id\":\"https:\/\/www.zendehdelan.org\/frequently-asked-questions\/\",\"url\":\"https:\/\/www.zendehdelan.org\/frequently-asked-questions\/\",\"name\":\"Frequently Asked Questions\",\"isPartOf\":{\"@id\":\"https:\/\/www.zendehdelan.org\/#website\"},\"datePublished\":\"2021-10-05T16:49:19+00:00\",\"dateModified\":\"2023-10-14T10:32:28+00:00\",\"breadcrumb\":{\"@id\":\"https:\/\/www.zendehdelan.org\/frequently-asked-questions\/#breadcrumb\"},\"inLanguage\":\"fr-FR\",\"potentialAction\":[{\"@type\":\"ReadAction\",\"target\":[\"https:\/\/www.zendehdelan.org\/frequently-asked-questions\/\"]}]},{\"@type\":\"BreadcrumbList\",\"@id\":\"https:\/\/www.zendehdelan.org\/frequently-asked-questions\/#breadcrumb\",\"itemListElement\":[{\"@type\":\"ListItem\",\"position\":1,\"name\":\"Home\",\"item\":\"https:\/\/www.zendehdelan.org\/\"},{\"@type\":\"ListItem\",\"position\":2,\"name\":\"Frequently Asked Questions\"}]},{\"@type\":\"WebSite\",\"@id\":\"https:\/\/www.zendehdelan.org\/#website\",\"url\":\"https:\/\/www.zendehdelan.org\/\",\"name\":\"MTO Zendeh Delan\",\"description\":\"Sufi Music &amp; Sama Ensemble\",\"publisher\":{\"@id\":\"https:\/\/www.zendehdelan.org\/#organization\"},\"potentialAction\":[{\"@type\":\"SearchAction\",\"target\":{\"@type\":\"EntryPoint\",\"urlTemplate\":\"https:\/\/www.zendehdelan.org\/?s={search_term_string}\"},\"query-input\":{\"@type\":\"PropertyValueSpecification\",\"valueRequired\":true,\"valueName\":\"search_term_string\"}}],\"inLanguage\":\"fr-FR\"},{\"@type\":\"Organization\",\"@id\":\"https:\/\/www.zendehdelan.org\/#organization\",\"name\":\"MTO Zendeh Delan\",\"url\":\"https:\/\/www.zendehdelan.org\/\",\"logo\":{\"@type\":\"ImageObject\",\"inLanguage\":\"fr-FR\",\"@id\":\"https:\/\/www.zendehdelan.org\/#\/schema\/logo\/image\/\",\"url\":\"https:\/\/www.zendehdelan.org\/wp-content\/uploads\/2021\/10\/cropped-zd-logo-2-no-background.png\",\"contentUrl\":\"https:\/\/www.zendehdelan.org\/wp-content\/uploads\/2021\/10\/cropped-zd-logo-2-no-background.png\",\"width\":512,\"height\":512,\"caption\":\"MTO Zendeh Delan\"},\"image\":{\"@id\":\"https:\/\/www.zendehdelan.org\/#\/schema\/logo\/image\/\"},\"sameAs\":[\"https:\/\/www.facebook.com\/ZendehDelan\",\"https:\/\/x.com\/ZendehDelan\",\"https:\/\/www.instagram.com\/mtoshahmaghsoudi\/\",\"https:\/\/www.linkedin.com\/company\/zendeh-delan\u00ae-sufi-music-zekr-&amp;-sama\/\",\"https:\/\/www.youtube.com\/user\/ZendehDelan\"]}]}<\/script>\n<!-- \/ Yoast SEO plugin. -->","yoast_head_json":{"title":"Frequently Asked Questions","robots":{"index":"index","follow":"follow","max-snippet":"max-snippet:-1","max-image-preview":"max-image-preview:large","max-video-preview":"max-video-preview:-1"},"canonical":"https:\/\/www.zendehdelan.org\/fr\/frequently-asked-questions\/","og_locale":"fr_FR","og_type":"article","og_title":"Frequently Asked Questions","og_url":"https:\/\/www.zendehdelan.org\/fr\/frequently-asked-questions\/","og_site_name":"MTO Zendeh Delan","article_publisher":"https:\/\/www.facebook.com\/ZendehDelan","article_modified_time":"2023-10-14T10:32:28+00:00","twitter_card":"summary_large_image","twitter_site":"@ZendehDelan","twitter_misc":{"Dur\u00e9e de lecture estim\u00e9e":"2 minutes"},"schema":{"@context":"https:\/\/schema.org","@graph":[{"@type":"WebPage","@id":"https:\/\/www.zendehdelan.org\/frequently-asked-questions\/","url":"https:\/\/www.zendehdelan.org\/frequently-asked-questions\/","name":"Frequently Asked Questions","isPartOf":{"@id":"https:\/\/www.zendehdelan.org\/#website"},"datePublished":"2021-10-05T16:49:19+00:00","dateModified":"2023-10-14T10:32:28+00:00","breadcrumb":{"@id":"https:\/\/www.zendehdelan.org\/frequently-asked-questions\/#breadcrumb"},"inLanguage":"fr-FR","potentialAction":[{"@type":"ReadAction","target":["https:\/\/www.zendehdelan.org\/frequently-asked-questions\/"]}]},{"@type":"BreadcrumbList","@id":"https:\/\/www.zendehdelan.org\/frequently-asked-questions\/#breadcrumb","itemListElement":[{"@type":"ListItem","position":1,"name":"Home","item":"https:\/\/www.zendehdelan.org\/"},{"@type":"ListItem","position":2,"name":"Frequently Asked Questions"}]},{"@type":"WebSite","@id":"https:\/\/www.zendehdelan.org\/#website","url":"https:\/\/www.zendehdelan.org\/","name":"MTO Zendeh Delan","description":"Sufi Music &amp; Sama Ensemble","publisher":{"@id":"https:\/\/www.zendehdelan.org\/#organization"},"potentialAction":[{"@type":"SearchAction","target":{"@type":"EntryPoint","urlTemplate":"https:\/\/www.zendehdelan.org\/?s={search_term_string}"},"query-input":{"@type":"PropertyValueSpecification","valueRequired":true,"valueName":"search_term_string"}}],"inLanguage":"fr-FR"},{"@type":"Organization","@id":"https:\/\/www.zendehdelan.org\/#organization","name":"MTO Zendeh Delan","url":"https:\/\/www.zendehdelan.org\/","logo":{"@type":"ImageObject","inLanguage":"fr-FR","@id":"https:\/\/www.zendehdelan.org\/#\/schema\/logo\/image\/","url":"https:\/\/www.zendehdelan.org\/wp-content\/uploads\/2021\/10\/cropped-zd-logo-2-no-background.png","contentUrl":"https:\/\/www.zendehdelan.org\/wp-content\/uploads\/2021\/10\/cropped-zd-logo-2-no-background.png","width":512,"height":512,"caption":"MTO Zendeh Delan"},"image":{"@id":"https:\/\/www.zendehdelan.org\/#\/schema\/logo\/image\/"},"sameAs":["https:\/\/www.facebook.com\/ZendehDelan","https:\/\/x.com\/ZendehDelan","https:\/\/www.instagram.com\/mtoshahmaghsoudi\/","https:\/\/www.linkedin.com\/company\/zendeh-delan\u00ae-sufi-music-zekr-&amp;-sama\/","https:\/\/www.youtube.com\/user\/ZendehDelan"]}]}},"_links":{"self":[{"href":"https:\/\/www.zendehdelan.org\/fr\/wp-json\/wp\/v2\/pages\/564","targetHints":{"allow":["GET"]}}],"collection":[{"href":"https:\/\/www.zendehdelan.org\/fr\/wp-json\/wp\/v2\/pages"}],"about":[{"href":"https:\/\/www.zendehdelan.org\/fr\/wp-json\/wp\/v2\/types\/page"}],"author":[{"embeddable":true,"href":"https:\/\/www.zendehdelan.org\/fr\/wp-json\/wp\/v2\/users\/2"}],"replies":[{"embeddable":true,"href":"https:\/\/www.zendehdelan.org\/fr\/wp-json\/wp\/v2\/comments?post=564"}],"version-history":[{"count":14,"href":"https:\/\/www.zendehdelan.org\/fr\/wp-json\/wp\/v2\/pages\/564\/revisions"}],"predecessor-version":[{"id":1790,"href":"https:\/\/www.zendehdelan.org\/fr\/wp-json\/wp\/v2\/pages\/564\/revisions\/1790"}],"wp:attachment":[{"href":"https:\/\/www.zendehdelan.org\/fr\/wp-json\/wp\/v2\/media?parent=564"}],"curies":[{"name":"wp","href":"https:\/\/api.w.org\/{rel}","templated":true}]}}