{"id":265,"date":"2021-09-14T10:17:21","date_gmt":"2021-09-14T09:17:21","guid":{"rendered":"https:\/\/www.zendehdelan.org\/?page_id=265"},"modified":"2024-06-30T20:04:28","modified_gmt":"2024-06-30T19:04:28","slug":"sama","status":"publish","type":"page","link":"https:\/\/www.zendehdelan.org\/fr\/sama\/","title":{"rendered":"Le Sama"},"content":{"rendered":"<div class=\"wpb-content-wrapper\"><div class=\"vc_row wpb_row section vc_row-fluid\" style=' text-align:left;'><div class=\"full_section_inner clearfix\"><div class=\"wpb_column vc_column_container vc_col-sm-12\"><div class=\"vc_column-inner\"><div class=\"wpb_wrapper\"><div class='q_elements_holder two_columns responsive_mode_from_768' ><div class='q_elements_item' data-1280-1440='10% 5% 10% 30%' data-1024-1280='10% 5% 10% 10%' data-768-1024='5% 5% 5% 5%' data-600-768='5% 5% 5% 5%' data-480-600='5% 5% 5% 5%' data-480='5% 5% 5% 5%' data-animation='no' data-item-class='q_elements_holder_custom_306101'><div class='q_elements_item_inner'><div class='q_elements_item_content q_elements_holder_custom_306101' style='padding:10% 5% 10% 60%'>\n\t<div class=\"wpb_text_column wpb_content_element\">\n\t\t<div class=\"wpb_wrapper\">\n\t\t\t<h2>LA PRATIQUE SACR\u00c9E DU SAMA<\/h2>\n\n\t\t<\/div>\n\t<\/div><div class=\"separator  small left\" style=\"margin-top: 28px;margin-bottom: 32px;background-color: #c7a082;height: 1px;width: 63px;\"><\/div>\n\t<div class=\"wpb_text_column wpb_content_element\">\n\t\t<div class=\"wpb_wrapper\">\n\t\t\t<p class=\"translation-block\">Dans la tradition soufie, sama signifie \"audition musicale\". Dans le sama, on entend, voit, exp\u00e9rimente et l'on se met en harmonie avec l'appel du Seigneur divin, cr\u00e9ant ainsi un \u00e9tat de \"vajd\", ou joie pure. Cet \u00e9tat de conscience absolue impr\u00e8gne tout l'\u00eatre et attire le Bien-aim\u00e9, cr\u00e9ant ainsi les mouvements du sama.<\/p>\n\n\t\t<\/div>\n\t<\/div><div class=\"vc_empty_space\"  style=\"height: 26px\" >\n\t<span class=\"vc_empty_space_inner\">\n\t\t<span class=\"empty_space_image\"  ><\/span>\n\t<\/span>\n<\/div>\n\t<div class=\"wpb_text_column wpb_content_element\">\n\t\t<div class=\"wpb_wrapper\">\n\t\t\t<p class=\"p1 translation-block\">Zendeh Delan pratique le sama sous les instructions directes de Hazrat Salaheddin Ali Nader Angha depuis plusieurs ann\u00e9es. Il n'est pas recommand\u00e9 de pratiquer le sama sans les instructions directes d'un ma\u00eetre.<\/p>\n\n\t\t<\/div>\n\t<\/div><div class=\"vc_empty_space\"  style=\"height: 26px\" >\n\t<span class=\"vc_empty_space_inner\">\n\t\t<span class=\"empty_space_image\"  ><\/span>\n\t<\/span>\n<\/div>\n\t<div class=\"wpb_text_column wpb_content_element\">\n\t\t<div class=\"wpb_wrapper\">\n\t\t\t<p class=\"p1 translation-block\">Dans toute l'histoire du soufisme, personne n'est plus \u00e9troitement associ\u00e9 au sama que le soufi et po\u00e8te du treizi\u00e8me si\u00e8cle, Jal\u00e2leddin R\u00fbm\u00ee Balkh\u00ee, que beaucoup connaissent aujourd'hui sous le nom de R\u00fbm\u00ee. Dans The Dervishes Dance - The Sacred Ritual of Love, Jale Erzen d\u00e9crit le sama comme suit : \"... ceux qui tournent dans le sama repr\u00e9sentent le syst\u00e8me solaire et les plan\u00e8tes qui gravitent autour du soleil. En m\u00eame temps, ils sont immerg\u00e9s dans leur propre microcosme, cr\u00e9ant de nouveaux mondes et entrant en contact avec l'\u00e9ternit\u00e9.\"<\/p>\n\n\t\t<\/div>\n\t<\/div><div class=\"vc_empty_space\"  style=\"height: 46px\" >\n\t<span class=\"vc_empty_space_inner\">\n\t\t<span class=\"empty_space_image\"  ><\/span>\n\t<\/span>\n<\/div>\n\t<div class=\"wpb_single_image wpb_content_element vc_align_left\">\n\t\t<div class=\"wpb_wrapper\">\n\t\t\t\n\t\t\t<div class=\"vc_single_image-wrapper   vc_box_border_grey\"><img loading=\"lazy\" decoding=\"async\" width=\"2560\" height=\"1707\" src=\"https:\/\/www.zendehdelan.org\/wp-content\/uploads\/2021\/11\/sama.jpg\" class=\"vc_single_image-img attachment-full\" alt=\"\" title=\"sama\" srcset=\"https:\/\/www.zendehdelan.org\/wp-content\/uploads\/2021\/11\/sama.jpg 2560w, https:\/\/www.zendehdelan.org\/wp-content\/uploads\/2021\/11\/sama-300x200.jpg 300w, https:\/\/www.zendehdelan.org\/wp-content\/uploads\/2021\/11\/sama-1024x683.jpg 1024w, https:\/\/www.zendehdelan.org\/wp-content\/uploads\/2021\/11\/sama-768x512.jpg 768w, https:\/\/www.zendehdelan.org\/wp-content\/uploads\/2021\/11\/sama-1536x1024.jpg 1536w, https:\/\/www.zendehdelan.org\/wp-content\/uploads\/2021\/11\/sama-2048x1366.jpg 2048w, https:\/\/www.zendehdelan.org\/wp-content\/uploads\/2021\/11\/sama-700x467.jpg 700w, https:\/\/www.zendehdelan.org\/wp-content\/uploads\/2021\/11\/sama-600x400.jpg 600w\" sizes=\"auto, (max-width: 2560px) 100vw, 2560px\" \/><\/div>\n\t\t<\/div>\n\t<\/div>\n<\/div><\/div><\/div><div class='q_elements_item' data-1280-1440='10% 30% 10% 5%' data-1024-1280='10% 10% 10% 5%' data-768-1024='5% 5% 5% 5%' data-600-768='5% 5% 5% 5%' data-480-600='5% 5% 5% 5%' data-480='5% 5% 5% 5%' data-animation='no' data-item-class='q_elements_holder_custom_222409'><div class='q_elements_item_inner'><div class='q_elements_item_content q_elements_holder_custom_222409' style='padding:10% 60% 10% 5%'>\n\t<div class=\"wpb_video_widget wpb_content_element vc_clearfix   vc_video-aspect-ratio-169 vc_video-el-width-100 vc_video-align-left\" >\n\t\t<div class=\"wpb_wrapper\">\n\t\t\t\n\t\t\t<div class=\"wpb_video_wrapper\"><iframe loading=\"lazy\" title=\"Zendeh Delan \u00ae at Sadler&#039;s Wells Theatre 2014 - Sufi Music, Zekr &amp; Sama\" width=\"500\" height=\"281\" src=\"https:\/\/www.youtube.com\/embed\/KH2druwvPmk?feature=oembed\" frameborder=\"0\" allow=\"accelerometer; autoplay; clipboard-write; encrypted-media; gyroscope; picture-in-picture; web-share\" referrerpolicy=\"strict-origin-when-cross-origin\" allowfullscreen><\/iframe><\/div>\n\t\t<\/div>\n\t<\/div>\n<div class=\"vc_empty_space\"  style=\"height: 32px\" >\n\t<span class=\"vc_empty_space_inner\">\n\t\t<span class=\"empty_space_image\"  ><\/span>\n\t<\/span>\n<\/div><blockquote class='with_quote_icon' style=''><i class='fa fa-quote-right' style=''><\/i><h5 class='blockquote-text' style=''>Dans le sama, le c\u0153ur est attir\u00e9 vers le Bien-aim\u00e9, et la connaissance est r\u00e9v\u00e9l\u00e9e \u00e0 l'\u00e2me.<\/h5><\/blockquote><div class=\"vc_empty_space\"  style=\"height: 26px\" >\n\t<span class=\"vc_empty_space_inner\">\n\t\t<span class=\"empty_space_image\"  ><\/span>\n\t<\/span>\n<\/div>\n\t<div class=\"wpb_text_column wpb_content_element\">\n\t\t<div class=\"wpb_wrapper\">\n\t\t\t<p class=\"translation-block\">R\u00fbm\u00ee a cr\u00e9\u00e9 le sama pour enseigner aux individus qu'\u00e0 chaque tour, alors qu'ils tourbillonnent, la le\u00e7on de la connaissance de soi est enseign\u00e9e. Les \u00e9l\u00e8ves enthousiastes \u00e9taient en effet capables d'exp\u00e9rimenter la v\u00e9rit\u00e9 des enseignements au sein de leur propre \u00eatre, sans aucune limitation. Par exemple, lorsque l'enseignant parlait de \"fana\" (annihilation du soi dans le Seigneur divin), l'\u00e9l\u00e8ve pouvait en faire l'exp\u00e9rience selon ses propres capacit\u00e9s. C'est l'une des raisons pour lesquelles il a \u00e9t\u00e9 dit qu'un enseignant est essentiel dans le soufisme, afin d'aider \u00e0 permettre ces exp\u00e9riences. Hazrat Sheikh Najmeddin Kobr\u00e2 a dit : \"Dans le sama, le c\u0153ur est attir\u00e9 vers le Bien-aim\u00e9, et la connaissance est r\u00e9v\u00e9l\u00e9e \u00e0 l'\u00e2me\".<\/p>\n\n\t\t<\/div>\n\t<\/div><div class=\"vc_empty_space\"  style=\"height: 26px\" >\n\t<span class=\"vc_empty_space_inner\">\n\t\t<span class=\"empty_space_image\"  ><\/span>\n\t<\/span>\n<\/div>\n\t<div class=\"wpb_text_column wpb_content_element\">\n\t\t<div class=\"wpb_wrapper\">\n\t\t\t<p class=\"p1 translation-block\">Le sama est une manifestation ext\u00e9rieure du noyau spirituel, o\u00f9 le chercheur entend, voit et vit pleinement l'appel du Bien-aim\u00e9, non pas avec les sens physiques, mais de l'int\u00e9rieur. Les mouvements, la musique et les mots s'\u00e9coulent du c\u0153ur de chaque individu vers les diff\u00e9rents supports des facult\u00e9s physiques, non pas pour pr\u00e9senter une musique, ni pour ex\u00e9cuter une danse, mais pour d\u00e9clarer ce qui a \u00e9t\u00e9 entendu de l'int\u00e9rieur, \"l'appel d'amour du Bien-aim\u00e9\".<\/p>\n\n\t\t<\/div>\n\t<\/div><div class=\"vc_empty_space\"  style=\"height: 26px\" >\n\t<span class=\"vc_empty_space_inner\">\n\t\t<span class=\"empty_space_image\"  ><\/span>\n\t<\/span>\n<\/div><\/div><\/div><\/div><\/div><\/div><\/div><\/div><\/div><\/div><div      class=\"vc_row wpb_row section vc_row-fluid\" style=' text-align:left;'><div class=\"full_section_inner clearfix\"><div class=\"wpb_column vc_column_container vc_col-sm-4\"><div class=\"vc_column-inner\"><div class=\"wpb_wrapper\"><div class=\"qode-info-card\">\n\t\t\t<div class=\"qode-info-card-image\" style=\"background-color:#fff\">\n\t\t\t<img decoding=\"async\" src=\"https:\/\/www.zendehdelan.org\/wp-content\/uploads\/2021\/09\/Allah.jpg\" alt=\"\" \/>\n\t\t<\/div>\n\t\t<div class=\"qode-info-card-text-holder\" style=\"background-color:#fff\">\n\t\t\t\t\t<h3 class=\"qode-info-card-title\" >\n\t\t\t\tAllah\t\t\t<\/h3>\n\t\t\t\t\t\t\t<p class=\"qode-info-card-text\" >\n\t\t\t\tLe mouvement que vous voyez ci-dessus repr\u00e9sente le mot Allah. Les bras, lev\u00e9s vers le ciel, en soumission et en \u00e9quilibre.\t\t\t<\/p>\n\t\t\t<\/div>\n\t<\/div><\/div><\/div><\/div><div class=\"wpb_column vc_column_container vc_col-sm-4\"><div class=\"vc_column-inner\"><div class=\"wpb_wrapper\"><div class=\"qode-info-card\">\n\t\t\t<div class=\"qode-info-card-image\" style=\"background-color:#fff\">\n\t\t\t<img decoding=\"async\" src=\"https:\/\/www.zendehdelan.org\/wp-content\/uploads\/2021\/09\/Ali1.jpg\" alt=\"\" \/>\n\t\t<\/div>\n\t\t<div class=\"qode-info-card-text-holder\" style=\"background-color:#fff\">\n\t\t\t\t\t<h3 class=\"qode-info-card-title\" >\n\t\t\t\tAli\t\t\t<\/h3>\n\t\t\t\t\t\t\t<p class=\"qode-info-card-text\" >\n\t\t\t\tCette posture repr\u00e9sente le mot Ali, qui signifie \"le grand\", et est \u00e9galement le nom du premier disciple de l'islam, l'imam Ali.\t\t\t<\/p>\n\t\t\t<\/div>\n\t<\/div><\/div><\/div><\/div><div class=\"wpb_column vc_column_container vc_col-sm-4\"><div class=\"vc_column-inner\"><div class=\"wpb_wrapper\"><div class=\"qode-info-card\">\n\t\t\t<div class=\"qode-info-card-image\" style=\"background-color:#fff\">\n\t\t\t<img decoding=\"async\" src=\"https:\/\/www.zendehdelan.org\/wp-content\/uploads\/2021\/09\/Ali2.jpg\" alt=\"\" \/>\n\t\t<\/div>\n\t\t<div class=\"qode-info-card-text-holder\" style=\"background-color:#fff\">\n\t\t\t\t\t<h3 class=\"qode-info-card-title\" >\n\t\t\t\tAli\t\t\t<\/h3>\n\t\t\t\t\t\t\t<p class=\"qode-info-card-text\" >\n\t\t\t\tCette posture est une autre repr\u00e9sentation du mot Ali\t\t\t<\/p>\n\t\t\t<\/div>\n\t<\/div><\/div><\/div><\/div><\/div><\/div><div      class=\"vc_row wpb_row section vc_row-fluid\" style=' text-align:left;'><div class=\"full_section_inner clearfix\"><div class=\"wpb_column vc_column_container vc_col-sm-12\"><div class=\"vc_column-inner\"><div class=\"wpb_wrapper\"><div class=\"vc_empty_space\"  style=\"height: 32px\" >\n\t<span class=\"vc_empty_space_inner\">\n\t\t<span class=\"empty_space_image\"  ><\/span>\n\t<\/span>\n<\/div><\/div><\/div><\/div><\/div><\/div><div      class=\"vc_row wpb_row section vc_row-fluid\" style=' text-align:left;'><div class=\"full_section_inner clearfix\"><div class=\"wpb_column vc_column_container vc_col-sm-4\"><div class=\"vc_column-inner\"><div class=\"wpb_wrapper\"><div class=\"qode-info-card\">\n\t\t\t<div class=\"qode-info-card-image\" style=\"background-color:#fff\">\n\t\t\t<img decoding=\"async\" src=\"https:\/\/www.zendehdelan.org\/wp-content\/uploads\/2021\/09\/Hoo.jpg\" alt=\"\" \/>\n\t\t<\/div>\n\t\t<div class=\"qode-info-card-text-holder\" style=\"background-color:#fff\">\n\t\t\t\t\t<h3 class=\"qode-info-card-title\" >\n\t\t\t\tHOU\t\t\t<\/h3>\n\t\t\t\t\t\t\t<p class=\"qode-info-card-text\" >\n\t\t\t\tCette posture repr\u00e9sente le mot Hou, qui se traduit litt\u00e9ralement par \"Lui\", et est utilis\u00e9 pour faire r\u00e9f\u00e9rence au v\u00e9ritable point de r\u00e9f\u00e9rence, Dieu.\t\t\t<\/p>\n\t\t\t<\/div>\n\t<\/div><\/div><\/div><\/div><div class=\"wpb_column vc_column_container vc_col-sm-4\"><div class=\"vc_column-inner\"><div class=\"wpb_wrapper\"><div class=\"qode-info-card\">\n\t\t\t<div class=\"qode-info-card-image\" style=\"background-color:#fff\">\n\t\t\t<img decoding=\"async\" src=\"https:\/\/www.zendehdelan.org\/wp-content\/uploads\/2021\/09\/ALM.jpg\" alt=\"\" \/>\n\t\t<\/div>\n\t\t<div class=\"qode-info-card-text-holder\" style=\"background-color:#fff\">\n\t\t\t\t\t<h3 class=\"qode-info-card-title\" >\n\t\t\t\tALIF, L\u00c2M, M\u00ceM\t\t\t<\/h3>\n\t\t\t\t\t\t\t<p class=\"qode-info-card-text\" >\n\t\t\t\tCette posture symbolise trois lettres \u00e9nonc\u00e9es dans le Coran : Alif, L\u00e2m, M\u00eem. Le secret de l'alif et du l\u00e2m r\u00e9side dans le m\u00eem.\t\t\t<\/p>\n\t\t\t<\/div>\n\t<\/div><\/div><\/div><\/div><div class=\"wpb_column vc_column_container vc_col-sm-4\"><div class=\"vc_column-inner\"><div class=\"wpb_wrapper\"><div class=\"qode-info-card\">\n\t\t\t<div class=\"qode-info-card-image\" style=\"background-color:#fff\">\n\t\t\t<img decoding=\"async\" src=\"https:\/\/www.zendehdelan.org\/wp-content\/uploads\/2021\/09\/La.jpeg\" alt=\"\" \/>\n\t\t<\/div>\n\t\t<div class=\"qode-info-card-text-holder\" style=\"background-color:#fff\">\n\t\t\t\t\t<h3 class=\"qode-info-card-title\" >\n\t\t\t\tL\u00c2\t\t\t<\/h3>\n\t\t\t\t\t\t\t<p class=\"qode-info-card-text\" >\n\t\t\t\tCette derni\u00e8re posture repr\u00e9sente le mot L\u00e2, qui pr\u00e9sente le n\u00e9ant.\t\t\t<\/p>\n\t\t\t<\/div>\n\t<\/div><\/div><\/div><\/div><\/div><\/div>\n<\/div>","protected":false},"excerpt":{"rendered":"The Sacred Practice of Sam\u0101 In the Sufi tradition, sama means \u201cmusical audition.\u201d In sama, one hears, sees, experiences, and becomes in harmony with the impressions or calling of the Divine Lord, creating a state of pure joy (vajd). This state of absolute awareness permeates one\u2019s entire being, uniting with...","protected":false},"author":2,"featured_media":0,"parent":0,"menu_order":0,"comment_status":"closed","ping_status":"closed","template":"full_width.php","meta":{"footnotes":""},"class_list":["post-265","page","type-page","status-publish","hentry"],"yoast_head":"<!-- This site is optimized with the Yoast SEO plugin v27.2 - https:\/\/yoast.com\/product\/yoast-seo-wordpress\/ -->\n<title>Sama<\/title>\n<meta name=\"robots\" content=\"index, follow, max-snippet:-1, max-image-preview:large, max-video-preview:-1\" \/>\n<link rel=\"canonical\" href=\"https:\/\/www.zendehdelan.org\/fr\/sama\/\" \/>\n<meta property=\"og:locale\" content=\"fr_FR\" \/>\n<meta property=\"og:type\" content=\"article\" \/>\n<meta property=\"og:title\" content=\"Sama\" \/>\n<meta property=\"og:url\" content=\"https:\/\/www.zendehdelan.org\/fr\/sama\/\" \/>\n<meta property=\"og:site_name\" content=\"MTO Zendeh Delan\" \/>\n<meta property=\"article:publisher\" content=\"https:\/\/www.facebook.com\/ZendehDelan\" \/>\n<meta property=\"article:modified_time\" content=\"2024-06-30T19:04:28+00:00\" \/>\n<meta name=\"twitter:card\" content=\"summary_large_image\" \/>\n<meta name=\"twitter:site\" content=\"@ZendehDelan\" \/>\n<meta name=\"twitter:label1\" content=\"Dur\u00e9e de lecture estim\u00e9e\" \/>\n\t<meta name=\"twitter:data1\" content=\"3 minutes\" \/>\n<script type=\"application\/ld+json\" class=\"yoast-schema-graph\">{\"@context\":\"https:\/\/schema.org\",\"@graph\":[{\"@type\":\"WebPage\",\"@id\":\"https:\/\/www.zendehdelan.org\/sama\/\",\"url\":\"https:\/\/www.zendehdelan.org\/sama\/\",\"name\":\"Sama\",\"isPartOf\":{\"@id\":\"https:\/\/www.zendehdelan.org\/#website\"},\"datePublished\":\"2021-09-14T09:17:21+00:00\",\"dateModified\":\"2024-06-30T19:04:28+00:00\",\"breadcrumb\":{\"@id\":\"https:\/\/www.zendehdelan.org\/sama\/#breadcrumb\"},\"inLanguage\":\"fr-FR\",\"potentialAction\":[{\"@type\":\"ReadAction\",\"target\":[\"https:\/\/www.zendehdelan.org\/sama\/\"]}]},{\"@type\":\"BreadcrumbList\",\"@id\":\"https:\/\/www.zendehdelan.org\/sama\/#breadcrumb\",\"itemListElement\":[{\"@type\":\"ListItem\",\"position\":1,\"name\":\"Home\",\"item\":\"https:\/\/www.zendehdelan.org\/\"},{\"@type\":\"ListItem\",\"position\":2,\"name\":\"Sama\"}]},{\"@type\":\"WebSite\",\"@id\":\"https:\/\/www.zendehdelan.org\/#website\",\"url\":\"https:\/\/www.zendehdelan.org\/\",\"name\":\"MTO Zendeh Delan\",\"description\":\"Sufi Music &amp; Sama Ensemble\",\"publisher\":{\"@id\":\"https:\/\/www.zendehdelan.org\/#organization\"},\"potentialAction\":[{\"@type\":\"SearchAction\",\"target\":{\"@type\":\"EntryPoint\",\"urlTemplate\":\"https:\/\/www.zendehdelan.org\/?s={search_term_string}\"},\"query-input\":{\"@type\":\"PropertyValueSpecification\",\"valueRequired\":true,\"valueName\":\"search_term_string\"}}],\"inLanguage\":\"fr-FR\"},{\"@type\":\"Organization\",\"@id\":\"https:\/\/www.zendehdelan.org\/#organization\",\"name\":\"MTO Zendeh Delan\",\"url\":\"https:\/\/www.zendehdelan.org\/\",\"logo\":{\"@type\":\"ImageObject\",\"inLanguage\":\"fr-FR\",\"@id\":\"https:\/\/www.zendehdelan.org\/#\/schema\/logo\/image\/\",\"url\":\"https:\/\/www.zendehdelan.org\/wp-content\/uploads\/2021\/10\/cropped-zd-logo-2-no-background.png\",\"contentUrl\":\"https:\/\/www.zendehdelan.org\/wp-content\/uploads\/2021\/10\/cropped-zd-logo-2-no-background.png\",\"width\":512,\"height\":512,\"caption\":\"MTO Zendeh Delan\"},\"image\":{\"@id\":\"https:\/\/www.zendehdelan.org\/#\/schema\/logo\/image\/\"},\"sameAs\":[\"https:\/\/www.facebook.com\/ZendehDelan\",\"https:\/\/x.com\/ZendehDelan\",\"https:\/\/www.instagram.com\/mtoshahmaghsoudi\/\",\"https:\/\/www.linkedin.com\/company\/zendeh-delan\u00ae-sufi-music-zekr-&amp;-sama\/\",\"https:\/\/www.youtube.com\/user\/ZendehDelan\"]}]}<\/script>\n<!-- \/ Yoast SEO plugin. -->","yoast_head_json":{"title":"Le Sama","robots":{"index":"index","follow":"follow","max-snippet":"max-snippet:-1","max-image-preview":"max-image-preview:large","max-video-preview":"max-video-preview:-1"},"canonical":"https:\/\/www.zendehdelan.org\/fr\/sama\/","og_locale":"fr_FR","og_type":"article","og_title":"Sama","og_url":"https:\/\/www.zendehdelan.org\/fr\/sama\/","og_site_name":"MTO Zendeh Delan","article_publisher":"https:\/\/www.facebook.com\/ZendehDelan","article_modified_time":"2024-06-30T19:04:28+00:00","twitter_card":"summary_large_image","twitter_site":"@ZendehDelan","twitter_misc":{"Dur\u00e9e de lecture estim\u00e9e":"3 minutes"},"schema":{"@context":"https:\/\/schema.org","@graph":[{"@type":"WebPage","@id":"https:\/\/www.zendehdelan.org\/sama\/","url":"https:\/\/www.zendehdelan.org\/sama\/","name":"Le Sama","isPartOf":{"@id":"https:\/\/www.zendehdelan.org\/#website"},"datePublished":"2021-09-14T09:17:21+00:00","dateModified":"2024-06-30T19:04:28+00:00","breadcrumb":{"@id":"https:\/\/www.zendehdelan.org\/sama\/#breadcrumb"},"inLanguage":"fr-FR","potentialAction":[{"@type":"ReadAction","target":["https:\/\/www.zendehdelan.org\/sama\/"]}]},{"@type":"BreadcrumbList","@id":"https:\/\/www.zendehdelan.org\/sama\/#breadcrumb","itemListElement":[{"@type":"ListItem","position":1,"name":"Home","item":"https:\/\/www.zendehdelan.org\/"},{"@type":"ListItem","position":2,"name":"Sama"}]},{"@type":"WebSite","@id":"https:\/\/www.zendehdelan.org\/#website","url":"https:\/\/www.zendehdelan.org\/","name":"MTO Zendeh Delan","description":"Sufi Music &amp; Sama Ensemble","publisher":{"@id":"https:\/\/www.zendehdelan.org\/#organization"},"potentialAction":[{"@type":"SearchAction","target":{"@type":"EntryPoint","urlTemplate":"https:\/\/www.zendehdelan.org\/?s={search_term_string}"},"query-input":{"@type":"PropertyValueSpecification","valueRequired":true,"valueName":"search_term_string"}}],"inLanguage":"fr-FR"},{"@type":"Organization","@id":"https:\/\/www.zendehdelan.org\/#organization","name":"MTO Zendeh Delan","url":"https:\/\/www.zendehdelan.org\/","logo":{"@type":"ImageObject","inLanguage":"fr-FR","@id":"https:\/\/www.zendehdelan.org\/#\/schema\/logo\/image\/","url":"https:\/\/www.zendehdelan.org\/wp-content\/uploads\/2021\/10\/cropped-zd-logo-2-no-background.png","contentUrl":"https:\/\/www.zendehdelan.org\/wp-content\/uploads\/2021\/10\/cropped-zd-logo-2-no-background.png","width":512,"height":512,"caption":"MTO Zendeh Delan"},"image":{"@id":"https:\/\/www.zendehdelan.org\/#\/schema\/logo\/image\/"},"sameAs":["https:\/\/www.facebook.com\/ZendehDelan","https:\/\/x.com\/ZendehDelan","https:\/\/www.instagram.com\/mtoshahmaghsoudi\/","https:\/\/www.linkedin.com\/company\/zendeh-delan\u00ae-sufi-music-zekr-&amp;-sama\/","https:\/\/www.youtube.com\/user\/ZendehDelan"]}]}},"_links":{"self":[{"href":"https:\/\/www.zendehdelan.org\/fr\/wp-json\/wp\/v2\/pages\/265","targetHints":{"allow":["GET"]}}],"collection":[{"href":"https:\/\/www.zendehdelan.org\/fr\/wp-json\/wp\/v2\/pages"}],"about":[{"href":"https:\/\/www.zendehdelan.org\/fr\/wp-json\/wp\/v2\/types\/page"}],"author":[{"embeddable":true,"href":"https:\/\/www.zendehdelan.org\/fr\/wp-json\/wp\/v2\/users\/2"}],"replies":[{"embeddable":true,"href":"https:\/\/www.zendehdelan.org\/fr\/wp-json\/wp\/v2\/comments?post=265"}],"version-history":[{"count":87,"href":"https:\/\/www.zendehdelan.org\/fr\/wp-json\/wp\/v2\/pages\/265\/revisions"}],"predecessor-version":[{"id":1755,"href":"https:\/\/www.zendehdelan.org\/fr\/wp-json\/wp\/v2\/pages\/265\/revisions\/1755"}],"wp:attachment":[{"href":"https:\/\/www.zendehdelan.org\/fr\/wp-json\/wp\/v2\/media?parent=265"}],"curies":[{"name":"wp","href":"https:\/\/api.w.org\/{rel}","templated":true}]}}