{"id":254,"date":"2021-09-14T10:04:42","date_gmt":"2021-09-14T09:04:42","guid":{"rendered":"https:\/\/www.zendehdelan.org\/?page_id=254"},"modified":"2024-06-30T20:03:11","modified_gmt":"2024-06-30T19:03:11","slug":"mto","status":"publish","type":"page","link":"https:\/\/www.zendehdelan.org\/fr\/mto\/","title":{"rendered":"MTO"},"content":{"rendered":"<div class=\"wpb-content-wrapper\"><div      class=\"vc_row wpb_row section vc_row-fluid  grid_section\" style=' padding-top:50px; padding-bottom:118px; text-align:left;'><div class=\"section_inner clearfix\"><div class='section_inner_margin clearfix'><div class=\"wpb_column vc_column_container vc_col-sm-12 vc_col-md-5\"><div class=\"vc_column-inner\"><div class=\"wpb_wrapper\"><div class='q_elements_holder one_column responsive_mode_from_768' ><div class='q_elements_item' data-1024-1280='72px 40px 0 0' data-768-1024='35px 40px 0 0' data-600-768='0px 40px 60px 0' data-animation='no' data-item-class='q_elements_holder_custom_584039'><div class='q_elements_item_inner'><div class='q_elements_item_content q_elements_holder_custom_584039' style='padding:40px 40px 0 0'>\n\t<div class=\"wpb_text_column wpb_content_element\">\n\t\t<div class=\"wpb_wrapper\">\n\t\t\t<h2>MTO Shahmaghsoudi<\/h2>\n\n\t\t<\/div>\n\t<\/div><div class=\"separator  small left\" style=\"margin-top: 28px;margin-bottom: 32px;background-color: #c7a082;height: 1px;width: 63px;\"><\/div>\n\t<div class=\"wpb_text_column wpb_content_element\">\n\t\t<div class=\"wpb_wrapper\">\n\t\t\t<p>L'\u00e9cole de soufisme islamique MTO Shahmaghsoudi\u00ae est une organisation internationale \u00e0 but non lucratif dont les centres se r\u00e9partissent sur six continents. Elle compte plus d'un million de membres, et plus de 3 millions de personnes participant aux s\u00e9ances diffus\u00e9es en direct sur Internet. L'histoire de l'\u00e9cole remonte \u00e0 l'\u00e9poque du Proph\u00e8te Mohammad il y a 1400 ans, c'est-\u00e0-dire \u00e0 l'\u00e9poque de Hazrat Oveys Gharani, fondateur de l'\u00e9cole, et dont la m\u00e9thode de connaissance int\u00e9rieure a \u00e9t\u00e9 approuv\u00e9e par le proph\u00e8te de l'islam.<\/p>\n\n\t\t<\/div>\n\t<\/div><div class=\"vc_empty_space\"  style=\"height: 26px\" >\n\t<span class=\"vc_empty_space_inner\">\n\t\t<span class=\"empty_space_image\"  ><\/span>\n\t<\/span>\n<\/div>\n\t<div class=\"wpb_text_column wpb_content_element\">\n\t\t<div class=\"wpb_wrapper\">\n\t\t\t<p>La connaissance spirituelle inspir\u00e9e et r\u00e9v\u00e9l\u00e9e a \u00e9t\u00e9 transmise depuis l'\u00e9poque de Hazrat Oveys jusqu'\u00e0 Hazrat Salaheddin Ali Nader Angha, actuel ma\u00eetre de l'\u00e9cole, par une succession ininterrompue de ma\u00eetres bien connus des historiens et des chercheurs. Ces ma\u00eetres soufis ont enseign\u00e9 aux \u00e9l\u00e8ves \u00e0 ne pas \u00eatre des suiveurs, mais \u00e0 \u00eatre les ma\u00eetres de leur propre vie gr\u00e2ce \u00e0 \nla connaissance de soi.<\/p>\n\n\t\t<\/div>\n\t<\/div><div class=\"vc_empty_space\"  style=\"height: 26px\" >\n\t<span class=\"vc_empty_space_inner\">\n\t\t<span class=\"empty_space_image\"  ><\/span>\n\t<\/span>\n<\/div>\n\n\t<a href=\"http:\/\/mto.org\" target=\"_self\" style=\"color: #c7a082\" class=\"qode-btn qode-btn-medium qode-btn-simple qode-btn-custom-hover-color qode-btn-default-hover\" data-hover-color=\"#242323\" >\n\t    <span class=\"qode-btn-text\">VISITEZ LE SITE WEB DE MTO<\/span>\t<\/a>\n\n<\/div><\/div><\/div><\/div><\/div><\/div><\/div><div class=\"wpb_column vc_column_container vc_col-sm-12 vc_col-md-7\"><div class=\"vc_column-inner\"><div class=\"wpb_wrapper\"><div class=\"vc_empty_space\"  style=\"height: 32px\" >\n\t<span class=\"vc_empty_space_inner\">\n\t\t<span class=\"empty_space_image\"  ><\/span>\n\t<\/span>\n<\/div>\n\t<div class=\"wpb_single_image wpb_content_element vc_align_left\">\n\t\t<div class=\"wpb_wrapper\">\n\t\t\t\n\t\t\t<div class=\"vc_single_image-wrapper   vc_box_border_grey\"><img loading=\"lazy\" decoding=\"async\" width=\"2560\" height=\"1703\" src=\"https:\/\/www.zendehdelan.org\/wp-content\/uploads\/2021\/11\/mto-la.jpg\" class=\"vc_single_image-img attachment-full\" alt=\"\" title=\"mto-la\" srcset=\"https:\/\/www.zendehdelan.org\/wp-content\/uploads\/2021\/11\/mto-la.jpg 2560w, https:\/\/www.zendehdelan.org\/wp-content\/uploads\/2021\/11\/mto-la-300x200.jpg 300w, https:\/\/www.zendehdelan.org\/wp-content\/uploads\/2021\/11\/mto-la-1024x681.jpg 1024w, https:\/\/www.zendehdelan.org\/wp-content\/uploads\/2021\/11\/mto-la-768x511.jpg 768w, https:\/\/www.zendehdelan.org\/wp-content\/uploads\/2021\/11\/mto-la-1536x1022.jpg 1536w, https:\/\/www.zendehdelan.org\/wp-content\/uploads\/2021\/11\/mto-la-2048x1362.jpg 2048w, https:\/\/www.zendehdelan.org\/wp-content\/uploads\/2021\/11\/mto-la-700x466.jpg 700w, https:\/\/www.zendehdelan.org\/wp-content\/uploads\/2021\/11\/mto-la-600x399.jpg 600w\" sizes=\"auto, (max-width: 2560px) 100vw, 2560px\" \/><\/div>\n\t\t<\/div>\n\t<\/div>\n<\/div><\/div><\/div><\/div><\/div><\/div>\n<\/div>","protected":false},"excerpt":{"rendered":"MTO Shahmaghsoudi MTO Shahmaghsoudi\u00ae School of Islamic Sufism is an international non-profit organisation with centres spanning six continents, with over a million strong community and over 3 million online taking part in our online live webcast sessions. The history of the school dates back 1,400 years to the time of...","protected":false},"author":2,"featured_media":0,"parent":0,"menu_order":0,"comment_status":"closed","ping_status":"closed","template":"full_width.php","meta":{"footnotes":""},"class_list":["post-254","page","type-page","status-publish","hentry"],"yoast_head":"<!-- This site is optimized with the Yoast SEO plugin v27.2 - https:\/\/yoast.com\/product\/yoast-seo-wordpress\/ -->\n<title>MTO<\/title>\n<meta name=\"robots\" content=\"index, follow, max-snippet:-1, max-image-preview:large, max-video-preview:-1\" \/>\n<link rel=\"canonical\" href=\"https:\/\/www.zendehdelan.org\/fr\/mto\/\" \/>\n<meta property=\"og:locale\" content=\"fr_FR\" \/>\n<meta property=\"og:type\" content=\"article\" \/>\n<meta property=\"og:title\" content=\"MTO\" \/>\n<meta property=\"og:url\" content=\"https:\/\/www.zendehdelan.org\/fr\/mto\/\" \/>\n<meta property=\"og:site_name\" content=\"MTO Zendeh Delan\" \/>\n<meta property=\"article:publisher\" content=\"https:\/\/www.facebook.com\/ZendehDelan\" \/>\n<meta property=\"article:modified_time\" content=\"2024-06-30T19:03:11+00:00\" \/>\n<meta name=\"twitter:card\" content=\"summary_large_image\" \/>\n<meta name=\"twitter:site\" content=\"@ZendehDelan\" \/>\n<meta name=\"twitter:label1\" content=\"Dur\u00e9e de lecture estim\u00e9e\" \/>\n\t<meta name=\"twitter:data1\" content=\"1 minute\" \/>\n<script type=\"application\/ld+json\" class=\"yoast-schema-graph\">{\"@context\":\"https:\/\/schema.org\",\"@graph\":[{\"@type\":\"WebPage\",\"@id\":\"https:\/\/www.zendehdelan.org\/mto\/\",\"url\":\"https:\/\/www.zendehdelan.org\/mto\/\",\"name\":\"MTO\",\"isPartOf\":{\"@id\":\"https:\/\/www.zendehdelan.org\/#website\"},\"datePublished\":\"2021-09-14T09:04:42+00:00\",\"dateModified\":\"2024-06-30T19:03:11+00:00\",\"breadcrumb\":{\"@id\":\"https:\/\/www.zendehdelan.org\/mto\/#breadcrumb\"},\"inLanguage\":\"fr-FR\",\"potentialAction\":[{\"@type\":\"ReadAction\",\"target\":[\"https:\/\/www.zendehdelan.org\/mto\/\"]}]},{\"@type\":\"BreadcrumbList\",\"@id\":\"https:\/\/www.zendehdelan.org\/mto\/#breadcrumb\",\"itemListElement\":[{\"@type\":\"ListItem\",\"position\":1,\"name\":\"Home\",\"item\":\"https:\/\/www.zendehdelan.org\/\"},{\"@type\":\"ListItem\",\"position\":2,\"name\":\"MTO\"}]},{\"@type\":\"WebSite\",\"@id\":\"https:\/\/www.zendehdelan.org\/#website\",\"url\":\"https:\/\/www.zendehdelan.org\/\",\"name\":\"MTO Zendeh Delan\",\"description\":\"Sufi Music &amp; Sama Ensemble\",\"publisher\":{\"@id\":\"https:\/\/www.zendehdelan.org\/#organization\"},\"potentialAction\":[{\"@type\":\"SearchAction\",\"target\":{\"@type\":\"EntryPoint\",\"urlTemplate\":\"https:\/\/www.zendehdelan.org\/?s={search_term_string}\"},\"query-input\":{\"@type\":\"PropertyValueSpecification\",\"valueRequired\":true,\"valueName\":\"search_term_string\"}}],\"inLanguage\":\"fr-FR\"},{\"@type\":\"Organization\",\"@id\":\"https:\/\/www.zendehdelan.org\/#organization\",\"name\":\"MTO Zendeh Delan\",\"url\":\"https:\/\/www.zendehdelan.org\/\",\"logo\":{\"@type\":\"ImageObject\",\"inLanguage\":\"fr-FR\",\"@id\":\"https:\/\/www.zendehdelan.org\/#\/schema\/logo\/image\/\",\"url\":\"https:\/\/www.zendehdelan.org\/wp-content\/uploads\/2021\/10\/cropped-zd-logo-2-no-background.png\",\"contentUrl\":\"https:\/\/www.zendehdelan.org\/wp-content\/uploads\/2021\/10\/cropped-zd-logo-2-no-background.png\",\"width\":512,\"height\":512,\"caption\":\"MTO Zendeh Delan\"},\"image\":{\"@id\":\"https:\/\/www.zendehdelan.org\/#\/schema\/logo\/image\/\"},\"sameAs\":[\"https:\/\/www.facebook.com\/ZendehDelan\",\"https:\/\/x.com\/ZendehDelan\",\"https:\/\/www.instagram.com\/mtoshahmaghsoudi\/\",\"https:\/\/www.linkedin.com\/company\/zendeh-delan\u00ae-sufi-music-zekr-&amp;-sama\/\",\"https:\/\/www.youtube.com\/user\/ZendehDelan\"]}]}<\/script>\n<!-- \/ Yoast SEO plugin. -->","yoast_head_json":{"title":"MTO","robots":{"index":"index","follow":"follow","max-snippet":"max-snippet:-1","max-image-preview":"max-image-preview:large","max-video-preview":"max-video-preview:-1"},"canonical":"https:\/\/www.zendehdelan.org\/fr\/mto\/","og_locale":"fr_FR","og_type":"article","og_title":"MTO","og_url":"https:\/\/www.zendehdelan.org\/fr\/mto\/","og_site_name":"MTO Zendeh Delan","article_publisher":"https:\/\/www.facebook.com\/ZendehDelan","article_modified_time":"2024-06-30T19:03:11+00:00","twitter_card":"summary_large_image","twitter_site":"@ZendehDelan","twitter_misc":{"Dur\u00e9e de lecture estim\u00e9e":"1 minute"},"schema":{"@context":"https:\/\/schema.org","@graph":[{"@type":"WebPage","@id":"https:\/\/www.zendehdelan.org\/mto\/","url":"https:\/\/www.zendehdelan.org\/mto\/","name":"MTO","isPartOf":{"@id":"https:\/\/www.zendehdelan.org\/#website"},"datePublished":"2021-09-14T09:04:42+00:00","dateModified":"2024-06-30T19:03:11+00:00","breadcrumb":{"@id":"https:\/\/www.zendehdelan.org\/mto\/#breadcrumb"},"inLanguage":"fr-FR","potentialAction":[{"@type":"ReadAction","target":["https:\/\/www.zendehdelan.org\/mto\/"]}]},{"@type":"BreadcrumbList","@id":"https:\/\/www.zendehdelan.org\/mto\/#breadcrumb","itemListElement":[{"@type":"ListItem","position":1,"name":"Home","item":"https:\/\/www.zendehdelan.org\/"},{"@type":"ListItem","position":2,"name":"MTO"}]},{"@type":"WebSite","@id":"https:\/\/www.zendehdelan.org\/#website","url":"https:\/\/www.zendehdelan.org\/","name":"MTO Zendeh Delan","description":"Sufi Music &amp; Sama Ensemble","publisher":{"@id":"https:\/\/www.zendehdelan.org\/#organization"},"potentialAction":[{"@type":"SearchAction","target":{"@type":"EntryPoint","urlTemplate":"https:\/\/www.zendehdelan.org\/?s={search_term_string}"},"query-input":{"@type":"PropertyValueSpecification","valueRequired":true,"valueName":"search_term_string"}}],"inLanguage":"fr-FR"},{"@type":"Organization","@id":"https:\/\/www.zendehdelan.org\/#organization","name":"MTO Zendeh Delan","url":"https:\/\/www.zendehdelan.org\/","logo":{"@type":"ImageObject","inLanguage":"fr-FR","@id":"https:\/\/www.zendehdelan.org\/#\/schema\/logo\/image\/","url":"https:\/\/www.zendehdelan.org\/wp-content\/uploads\/2021\/10\/cropped-zd-logo-2-no-background.png","contentUrl":"https:\/\/www.zendehdelan.org\/wp-content\/uploads\/2021\/10\/cropped-zd-logo-2-no-background.png","width":512,"height":512,"caption":"MTO Zendeh Delan"},"image":{"@id":"https:\/\/www.zendehdelan.org\/#\/schema\/logo\/image\/"},"sameAs":["https:\/\/www.facebook.com\/ZendehDelan","https:\/\/x.com\/ZendehDelan","https:\/\/www.instagram.com\/mtoshahmaghsoudi\/","https:\/\/www.linkedin.com\/company\/zendeh-delan\u00ae-sufi-music-zekr-&amp;-sama\/","https:\/\/www.youtube.com\/user\/ZendehDelan"]}]}},"_links":{"self":[{"href":"https:\/\/www.zendehdelan.org\/fr\/wp-json\/wp\/v2\/pages\/254","targetHints":{"allow":["GET"]}}],"collection":[{"href":"https:\/\/www.zendehdelan.org\/fr\/wp-json\/wp\/v2\/pages"}],"about":[{"href":"https:\/\/www.zendehdelan.org\/fr\/wp-json\/wp\/v2\/types\/page"}],"author":[{"embeddable":true,"href":"https:\/\/www.zendehdelan.org\/fr\/wp-json\/wp\/v2\/users\/2"}],"replies":[{"embeddable":true,"href":"https:\/\/www.zendehdelan.org\/fr\/wp-json\/wp\/v2\/comments?post=254"}],"version-history":[{"count":18,"href":"https:\/\/www.zendehdelan.org\/fr\/wp-json\/wp\/v2\/pages\/254\/revisions"}],"predecessor-version":[{"id":1266,"href":"https:\/\/www.zendehdelan.org\/fr\/wp-json\/wp\/v2\/pages\/254\/revisions\/1266"}],"wp:attachment":[{"href":"https:\/\/www.zendehdelan.org\/fr\/wp-json\/wp\/v2\/media?parent=254"}],"curies":[{"name":"wp","href":"https:\/\/api.w.org\/{rel}","templated":true}]}}